{"id":10111,"date":"2022-08-10T09:48:24","date_gmt":"2022-08-10T14:48:24","guid":{"rendered":"https:\/\/basicas.utp.edu.co\/matematicas\/?page_id=10036"},"modified":"2025-03-25T22:47:12","modified_gmt":"2025-03-26T03:47:12","slug":"generalidades","status":"publish","type":"page","link":"https:\/\/ingenierias.utp.edu.co\/maestria-ingenieria-en-sistemas-y-computacion\/generalidades\/","title":{"rendered":"Generalidades"},"content":{"rendered":"\n<div class=\"wp-block-group\"><div class=\"wp-block-group__inner-container is-layout-constrained wp-block-group-is-layout-constrained\">\n<figure class=\"wp-block-table\"><table class=\"has-fixed-layout\"><tbody><tr><td><strong>Programa Acad\u00e9mico<\/strong><\/td><td><strong>C\u00f3digo SNIES<\/strong><\/td><td><strong>Registro Calificado<\/strong><\/td><\/tr><tr><td>Maestr\u00eda en Ingenier\u00eda de Sistemas y Computaci\u00f3n<\/td><td>116353<\/td><td>No. 25417 del<br>21 de diciembre de 2023<\/td><\/tr><tr><td><strong>T\u00edtulo que Otorga<\/strong><\/td><td><strong>Tipo de Formaci\u00f3n<\/strong><\/td><td><strong>Duraci\u00f3n del Programa<\/strong><\/td><\/tr><tr><td>Mag\u00edster en Ingenier\u00eda de Sistemas y Computaci\u00f3n<\/td><td>Presencial<\/td><td>4 semestres<\/td><\/tr><tr><td><strong>Jornada<\/strong><\/td><td><strong>Total Cr\u00e9ditos<\/strong><\/td><td><strong>Facultad<\/strong><\/td><\/tr><tr><td>Mixta<\/td><td>58<\/td><td><a href=\"https:\/\/ingenierias.utp.edu.co\/\">Facultad de ingenier\u00edas<\/a><\/td><\/tr><tr><td><strong>Lugar de Desarrollo<\/strong><\/td><td><strong>Periodicidad<\/strong><\/td><td><\/td><\/tr><tr><td>Pereira, Risaralda<\/td><td>Semestre<\/td><td><\/td><\/tr><\/tbody><\/table><\/figure>\n<\/div><\/div>\n","protected":false},"excerpt":{"rendered":"<p>Programa Acad\u00e9mico C\u00f3digo SNIES Registro Calificado Maestr\u00eda en Ingenier\u00eda de Sistemas y Computaci\u00f3n 116353 No. 25417 del21 de diciembre de 2023 T\u00edtulo que Otorga Tipo de Formaci\u00f3n Duraci\u00f3n del Programa [&#8230;]<\/p>\n","protected":false},"author":1,"featured_media":0,"parent":0,"menu_order":0,"comment_status":"closed","ping_status":"closed","template":"pagina-informacion.php","meta":{"footnotes":""},"class_list":["post-10111","page","type-page","status-publish","hentry"],"_links":{"self":[{"href":"https:\/\/ingenierias.utp.edu.co\/maestria-ingenieria-en-sistemas-y-computacion\/wp-json\/wp\/v2\/pages\/10111","targetHints":{"allow":["GET"]}}],"collection":[{"href":"https:\/\/ingenierias.utp.edu.co\/maestria-ingenieria-en-sistemas-y-computacion\/wp-json\/wp\/v2\/pages"}],"about":[{"href":"https:\/\/ingenierias.utp.edu.co\/maestria-ingenieria-en-sistemas-y-computacion\/wp-json\/wp\/v2\/types\/page"}],"author":[{"embeddable":true,"href":"https:\/\/ingenierias.utp.edu.co\/maestria-ingenieria-en-sistemas-y-computacion\/wp-json\/wp\/v2\/users\/1"}],"replies":[{"embeddable":true,"href":"https:\/\/ingenierias.utp.edu.co\/maestria-ingenieria-en-sistemas-y-computacion\/wp-json\/wp\/v2\/comments?post=10111"}],"version-history":[{"count":2,"href":"https:\/\/ingenierias.utp.edu.co\/maestria-ingenieria-en-sistemas-y-computacion\/wp-json\/wp\/v2\/pages\/10111\/revisions"}],"predecessor-version":[{"id":10567,"href":"https:\/\/ingenierias.utp.edu.co\/maestria-ingenieria-en-sistemas-y-computacion\/wp-json\/wp\/v2\/pages\/10111\/revisions\/10567"}],"wp:attachment":[{"href":"https:\/\/ingenierias.utp.edu.co\/maestria-ingenieria-en-sistemas-y-computacion\/wp-json\/wp\/v2\/media?parent=10111"}],"curies":[{"name":"wp","href":"https:\/\/api.w.org\/{rel}","templated":true}]}}