{"id":10184,"date":"2022-08-10T09:43:55","date_gmt":"2022-08-10T14:43:55","guid":{"rendered":"https:\/\/basicas.utp.edu.co\/matematicas\/?page_id=10030"},"modified":"2025-12-12T08:27:19","modified_gmt":"2025-12-12T13:27:19","slug":"inversion-y-financiacion","status":"publish","type":"page","link":"https:\/\/ingenierias.utp.edu.co\/maestria-ingenieria-electrica\/inversion-y-financiacion\/","title":{"rendered":"Inversi\u00f3n y financiaci\u00f3n"},"content":{"rendered":"\n<p><span class=\"post-content__span\"> <strong>Costo Inscripci\u00f3n<\/strong> <\/p>\n\n\n\n<p><span class=\"post-content__span\"> 0.25 SMMLV <\/p>\n\n\n\n<p><span class=\"post-content__span\"> <strong>Costo Matr\u00edcula<\/strong><\/p>\n\n\n\n<p><span class=\"post-content__span\"> 6.75 SMMLV<\/p>\n\n\n\n<p><span class=\"post-content__span\"> <strong>Descuentos<\/strong><\/p>\n\n\n\n<figure class=\"wp-block-gallery has-nested-images columns-default is-cropped wp-block-gallery-1 is-layout-flex wp-block-gallery-is-layout-flex\">\n<figure class=\"wp-block-image size-full\"><img loading=\"lazy\" decoding=\"async\" width=\"990\" height=\"616\" data-id=\"10932\" src=\"https:\/\/media2.utp.edu.co\/programas\/80\/Copia-de-Grafico-Cuadro-Comparativo-Empresa-Profesional-Multicolor.png\" alt=\"\" class=\"wp-image-10932\" srcset=\"https:\/\/media2.utp.edu.co\/programas\/80\/Copia-de-Grafico-Cuadro-Comparativo-Empresa-Profesional-Multicolor.png 990w, https:\/\/media2.utp.edu.co\/programas\/80\/Copia-de-Grafico-Cuadro-Comparativo-Empresa-Profesional-Multicolor-300x187.png 300w, https:\/\/media2.utp.edu.co\/programas\/80\/Copia-de-Grafico-Cuadro-Comparativo-Empresa-Profesional-Multicolor-768x478.png 768w\" sizes=\"auto, (max-width: 990px) 100vw, 990px\" \/><\/figure>\n<\/figure>\n\n\n\n<p><span class=\"post-content__span\"> <strong>Financiaci\u00f3n<\/strong><\/p>\n\n\n\n<p><span class=\"post-content__span\"> Todo lo que necesitas para acceder a cr\u00e9dito educativo con el Icetex y financiar tu matr\u00edcula, lo encuentras con&nbsp;<a href=\"https:\/\/www.utp.edu.co\/fasut\/credito-educativo\/financiacion-de-matricula.html\"><strong>el&nbsp;Fasut<\/strong><\/a><\/p>\n\n\n\n<p><span class=\"post-content__span\"> <em><strong>\u00a1Visita nuestras oficinas y facilita tu proceso de estudio!<\/strong><\/em><\/p>\n\n\n\n<p><span class=\"post-content__span\"> <strong>Mayor informaci\u00f3n<\/strong><br>Edificio cafeter\u00eda principal de la UTP \u2022&nbsp;<strong>Tel\u00e9fonos:<\/strong>&nbsp;321 0029 \u2013 313 7405 \u2022&nbsp;<strong>Celular \u2013 WhatsApp<\/strong>&nbsp;320 7261247 \u2022&nbsp;<strong>e-mail:<\/strong><a href=\"mailto:fasut@utp.edu.co\">fasutcreditoeducativo@gmail.co<\/a><a href=\"mailto:fasutcreditoeducativo@gmail.com\">m<\/a><\/p>\n","protected":false},"excerpt":{"rendered":"<p>Costo Inscripci\u00f3n 0.25 SMMLV Costo Matr\u00edcula 6.75 SMMLV Descuentos Financiaci\u00f3n Todo lo que necesitas para acceder a cr\u00e9dito educativo con el Icetex y financiar tu matr\u00edcula, lo encuentras con&nbsp;el&nbsp;Fasut \u00a1Visita [&#8230;]<\/p>\n","protected":false},"author":1,"featured_media":0,"parent":0,"menu_order":0,"comment_status":"closed","ping_status":"closed","template":"","meta":{"footnotes":""},"class_list":["post-10184","page","type-page","status-publish","hentry"],"_links":{"self":[{"href":"https:\/\/ingenierias.utp.edu.co\/maestria-ingenieria-electrica\/wp-json\/wp\/v2\/pages\/10184","targetHints":{"allow":["GET"]}}],"collection":[{"href":"https:\/\/ingenierias.utp.edu.co\/maestria-ingenieria-electrica\/wp-json\/wp\/v2\/pages"}],"about":[{"href":"https:\/\/ingenierias.utp.edu.co\/maestria-ingenieria-electrica\/wp-json\/wp\/v2\/types\/page"}],"author":[{"embeddable":true,"href":"https:\/\/ingenierias.utp.edu.co\/maestria-ingenieria-electrica\/wp-json\/wp\/v2\/users\/1"}],"replies":[{"embeddable":true,"href":"https:\/\/ingenierias.utp.edu.co\/maestria-ingenieria-electrica\/wp-json\/wp\/v2\/comments?post=10184"}],"version-history":[{"count":12,"href":"https:\/\/ingenierias.utp.edu.co\/maestria-ingenieria-electrica\/wp-json\/wp\/v2\/pages\/10184\/revisions"}],"predecessor-version":[{"id":11735,"href":"https:\/\/ingenierias.utp.edu.co\/maestria-ingenieria-electrica\/wp-json\/wp\/v2\/pages\/10184\/revisions\/11735"}],"wp:attachment":[{"href":"https:\/\/ingenierias.utp.edu.co\/maestria-ingenieria-electrica\/wp-json\/wp\/v2\/media?parent=10184"}],"curies":[{"name":"wp","href":"https:\/\/api.w.org\/{rel}","templated":true}]}}