{"id":10249,"date":"2022-11-02T18:18:03","date_gmt":"2022-11-02T23:18:03","guid":{"rendered":"https:\/\/ingenierias.utp.edu.co\/especializacion-tics\/?page_id=10249"},"modified":"2026-02-25T15:42:17","modified_gmt":"2026-02-25T20:42:17","slug":"formatos-y-otros-documentos","status":"publish","type":"page","link":"https:\/\/ingenierias.utp.edu.co\/especializacion-tics\/generalidades\/formatos-y-otros-documentos\/","title":{"rendered":"Formatos Para Presentar Proyectos y Anteproyectos de Grado. Otros Documentos de Inter\u00e9s"},"content":{"rendered":"\n<div class=\"wp-block-media-text alignwide is-stacked-on-mobile\"><figure class=\"wp-block-media-text__media\"><img loading=\"lazy\" decoding=\"async\" width=\"925\" height=\"617\" src=\"https:\/\/media2.utp.edu.co\/programas\/79\/gold-tassle-graduation-cap-and-diploma.jpg\" alt=\"\" class=\"wp-image-10252 size-full\" srcset=\"https:\/\/media2.utp.edu.co\/programas\/79\/gold-tassle-graduation-cap-and-diploma.jpg 925w, https:\/\/media2.utp.edu.co\/programas\/79\/gold-tassle-graduation-cap-and-diploma-300x200.jpg 300w, https:\/\/media2.utp.edu.co\/programas\/79\/gold-tassle-graduation-cap-and-diploma-768x512.jpg 768w\" sizes=\"auto, (max-width: 925px) 100vw, 925px\" \/><\/figure><div class=\"wp-block-media-text__content\">\n<p class=\"has-text-align-left has-large-font-size\" style=\"text-transform:uppercase\"><strong>Carta presentaci\u00f3n de informe proyecto de grado<\/strong><\/p>\n\n\n\n<p class=\"has-medium-font-size\">Con este formato puedes solicitar la entrega del informe de proyecto de grado, as\u00ed como la asignaci\u00f3n de jurado para la evaluaci\u00f3n. Recuerda, las solicitudes se radican a trav\u00e9s de <strong>ventanillaunica@utp.edu.co<\/strong><\/p>\n\n\n\n<p><span class=\"post-content__span\"> <a href=\"https:\/\/media2.utp.edu.co\/programas\/79\/Formato-carta-proyecto-de-grado-2026-1A.docx\" target=\"_blank\" rel=\"noreferrer noopener\">Descargar el formato de carta Especializaci\u00f3n en TIC<\/a><\/p>\n\n\n\n<p><span class=\"post-content__span\"> <a href=\"https:\/\/media2.utp.edu.co\/programas\/79\/2.contenido-proyecto-grado1a.docx\" target=\"_blank\" rel=\"noreferrer noopener\">Descargar el formato con el contenido que debe tener el informe de proyecto de grado<\/a><\/p>\n\n\n<\/div><\/div>\n\n\n\n<p><span class=\"post-content__span\"> <\/p>\n\n\n\n<div class=\"wp-block-media-text alignwide has-media-on-the-right is-stacked-on-mobile\"><div class=\"wp-block-media-text__content\">\n<p class=\"has-large-font-size\" style=\"text-transform:uppercase\"><strong>Carta revisi\u00f3n y aval de anteproyecto de grado<\/strong><\/p>\n\n\n\n<p class=\"has-medium-font-size\">Con este formato puedes solicitar la revisi\u00f3n y aval del anteproyecto de grado. Recuerda, las solicitudes se radican a trav\u00e9s de <strong>ventanillaunica@utp.edu.co<\/strong><\/p>\n\n\n\n<p><span class=\"post-content__span\"> <a href=\"https:\/\/media2.utp.edu.co\/programas\/79\/Formato-carta-anteproyecto-2026-2.docx\" target=\"_blank\" rel=\"noreferrer noopener\">Descarga el formato de carta <\/a><a href=\"https:\/\/media2.utp.edu.co\/programas\/79\/Formato-carta-anteproyecto-2026-1.docx\" target=\"_blank\" rel=\"noreferrer noopener\">Especializaci\u00f3n <\/a><a href=\"https:\/\/media2.utp.edu.co\/programas\/79\/3.formato-carta-anteproyecto-1.docx\" target=\"_blank\" rel=\"noreferrer noopener\">en TIC<\/a><\/p>\n\n\n\n\n\n<p><span class=\"post-content__span\"> <a href=\"https:\/\/media2.utp.edu.co\/programas\/79\/1.Contenido-anteproyecto-1.docx\" target=\"_blank\" rel=\"noreferrer noopener\">Descargar el formato con el contenido que debe tener el Anteproyecto de Grado<\/a><\/p>\n<\/div><figure class=\"wp-block-media-text__media\"><img loading=\"lazy\" decoding=\"async\" width=\"640\" height=\"424\" src=\"https:\/\/media2.utp.edu.co\/programas\/79\/pexels-lukas-669615.jpg\" alt=\"\" class=\"wp-image-10258 size-full\" srcset=\"https:\/\/media2.utp.edu.co\/programas\/79\/pexels-lukas-669615.jpg 640w, https:\/\/media2.utp.edu.co\/programas\/79\/pexels-lukas-669615-300x199.jpg 300w\" sizes=\"auto, (max-width: 640px) 100vw, 640px\" \/><\/figure><\/div>\n\n\n\n<p><span class=\"post-content__span\"> <\/p>\n\n\n\n<div class=\"wp-block-media-text alignwide is-stacked-on-mobile\"><figure class=\"wp-block-media-text__media\"><img loading=\"lazy\" decoding=\"async\" width=\"640\" height=\"427\" src=\"https:\/\/media2.utp.edu.co\/programas\/79\/pexels-pavel-danilyuk-8761540.jpg\" alt=\"\" class=\"wp-image-10259 size-full\" srcset=\"https:\/\/media2.utp.edu.co\/programas\/79\/pexels-pavel-danilyuk-8761540.jpg 640w, https:\/\/media2.utp.edu.co\/programas\/79\/pexels-pavel-danilyuk-8761540-300x200.jpg 300w\" sizes=\"auto, (max-width: 640px) 100vw, 640px\" \/><\/figure><div class=\"wp-block-media-text__content\">\n<p class=\"has-large-font-size\" style=\"text-transform:uppercase\"><strong>Formato sustentaci\u00f3n proyecto de grado<\/strong><\/p>\n\n\n\n<p class=\"has-medium-font-size\">\u00a1es el momento de demostrar todo lo aprendido en estos dos semestres! por eso, con esta plantilla puedes identificar el contenido m\u00ednimo que debe tener la presentaci\u00f3n y su formato recomendado. Recuerda, La presentaci\u00f3n debe tardar alrededor de 20 minutos, m\u00e1s 10 minutos de preguntas.<\/p>\n\n\n\n<p><span class=\"post-content__span\"> <a href=\"https:\/\/media2.utp.edu.co\/programas\/79\/Presentacio\u0301n-Esta\u0301ndar-Fac-Ingenieri\u0301as-1.pptx\" target=\"_blank\" rel=\"noreferrer noopener\">Descarga la plantilla para sustentar proyecto<\/a><\/p>\n\n\n\n<figure class=\"wp-block-gallery has-nested-images columns-default is-cropped wp-block-gallery-1 is-layout-flex wp-block-gallery-is-layout-flex\"><\/figure>\n<\/div><\/div>\n\n\n\n<p><span class=\"post-content__span\"> <\/p>\n\n\n\n<div class=\"wp-block-media-text alignwide has-media-on-the-right is-stacked-on-mobile\"><div class=\"wp-block-media-text__content\">\n<p class=\"has-large-font-size\" style=\"text-transform:uppercase\"><strong>Formato plan de trabajo para finalizar Proyecto de Grado<\/strong><\/p>\n\n\n\n<p class=\"has-medium-font-size\">\u00bfQuieres definir un plan de trabajo enfocado en finalizar el proyecto de grado? entonces, con este formato es posible establecer un plan de trabajo, para que con la compa\u00f1\u00eda del docente gu\u00eda puedas finalizar y sustentar el Proyecto de Grado. <\/p>\n\n\n\n<p><span class=\"post-content__span\"> <a href=\"https:\/\/media2.utp.edu.co\/programas\/79\/5.formato_plan_trabajo.docx\" target=\"_blank\" rel=\"noreferrer noopener\">Descargar formato plan de trabajo para finalizar proyecto de grado <\/a><\/p>\n<\/div><figure class=\"wp-block-media-text__media\"><img loading=\"lazy\" decoding=\"async\" width=\"640\" height=\"427\" src=\"https:\/\/media2.utp.edu.co\/programas\/79\/marvin-meyer-SYTO3xs06fU-unsplash.jpg\" alt=\"\" class=\"wp-image-10284 size-full\" srcset=\"https:\/\/media2.utp.edu.co\/programas\/79\/marvin-meyer-SYTO3xs06fU-unsplash.jpg 640w, https:\/\/media2.utp.edu.co\/programas\/79\/marvin-meyer-SYTO3xs06fU-unsplash-300x200.jpg 300w\" sizes=\"auto, (max-width: 640px) 100vw, 640px\" \/><\/figure><\/div>\n\n\n\n<p><span class=\"post-content__span\"> <\/p>\n\n\n\n<div class=\"wp-block-media-text alignwide is-stacked-on-mobile\"><figure class=\"wp-block-media-text__media\"><img loading=\"lazy\" decoding=\"async\" width=\"1024\" height=\"680\" src=\"https:\/\/media2.utp.edu.co\/programas\/79\/pexels-luis-gomes-546819-1024x680.jpg\" alt=\"\" class=\"wp-image-10323 size-full\" srcset=\"https:\/\/media2.utp.edu.co\/programas\/79\/pexels-luis-gomes-546819-1024x680.jpg 1024w, https:\/\/media2.utp.edu.co\/programas\/79\/pexels-luis-gomes-546819-300x199.jpg 300w, https:\/\/media2.utp.edu.co\/programas\/79\/pexels-luis-gomes-546819-768x510.jpg 768w, https:\/\/media2.utp.edu.co\/programas\/79\/pexels-luis-gomes-546819-1536x1020.jpg 1536w, https:\/\/media2.utp.edu.co\/programas\/79\/pexels-luis-gomes-546819-2048x1360.jpg 2048w\" sizes=\"auto, (max-width: 1024px) 100vw, 1024px\" \/><\/figure><div class=\"wp-block-media-text__content\">\n<p class=\"has-large-font-size\" style=\"text-transform:uppercase\"><strong>Instructivo para matricular asignaturas de formaci\u00f3n proped\u00e9utica<\/strong><\/p>\n\n\n\n<p class=\"has-medium-font-size\">\u00bfQuieres conocer con mayor detalle el paso a paso para matricular asignaturas proped\u00e9uticas? entonces, recomendamos leer el siguiente manual que hemos preparado para facilitar el proceso.   <\/p>\n\n\n\n<p><span class=\"post-content__span\"> <a href=\"https:\/\/media2.utp.edu.co\/programas\/79\/Manual-para-matricular-asignaturas-propedeuticas-ESPTIC.pdf\" target=\"_blank\" rel=\"noreferrer noopener\">Descargar el instructivo asignaturas proped\u00e9uticas<\/a><\/p>\n<\/div><\/div>\n\n\n\n<p><span class=\"post-content__span\"> <\/p>\n\n\n\n<div class=\"wp-block-media-text alignwide has-media-on-the-right is-stacked-on-mobile\"><div class=\"wp-block-media-text__content\">\n<p class=\"has-large-font-size\" style=\"text-transform:uppercase\"><strong>Formato para cursar asignaturas de formaci\u00f3n proped\u00e9utica<\/strong><\/p>\n\n\n\n<p class=\"has-medium-font-size\">\u00bfTienes inter\u00e9s en las asignaturas proped\u00e9uticas que ofrece la especializaci\u00f3n en TIC? entonces es necesario completar este formato, el cual se debe enviar junto con los recibos de pago a la direcci\u00f3n del programa, a trav\u00e9s del correo <strong>esptic@utp.edu.co<\/strong><\/p>\n\n\n\n<p><span class=\"post-content__span\"> <a href=\"https:\/\/media2.utp.edu.co\/programas\/79\/Formato-Propededuticas-ESPTIC.docx\" target=\"_blank\" rel=\"noreferrer noopener\">Descargar el formato inscripci\u00f3n asignaturas proped\u00e9uticas general<\/a><\/p>\n\n\n\n<p><span class=\"post-content__span\"> <a href=\"https:\/\/media2.utp.edu.co\/programas\/79\/Formato-Propededuticas-electronica.docx\" target=\"_blank\" rel=\"noreferrer noopener\">Descargar el formato inscripci\u00f3n asignaturas proped\u00e9uticas para Ingenier\u00eda Electr\u00f3nica, f\u00edsica&nbsp;o el\u00e9ctrica<\/a><\/p>\n<\/div><figure class=\"wp-block-media-text__media\"><img loading=\"lazy\" decoding=\"async\" width=\"640\" height=\"427\" src=\"https:\/\/media2.utp.edu.co\/programas\/79\/pexels-pixabay-33153.jpg\" alt=\"\" class=\"wp-image-10264 size-full\" srcset=\"https:\/\/media2.utp.edu.co\/programas\/79\/pexels-pixabay-33153.jpg 640w, https:\/\/media2.utp.edu.co\/programas\/79\/pexels-pixabay-33153-300x200.jpg 300w\" sizes=\"auto, (max-width: 640px) 100vw, 640px\" \/><\/figure><\/div>\n\n\n\n<p><span class=\"post-content__span\"> <\/p>\n","protected":false},"excerpt":{"rendered":"<p>Formato plan de trabajo para finalizar Proyecto de Grado \u00bfQuieres definir un plan de trabajo enfocado en finalizar el proyecto de grado? entonces, con este formato es posible establecer un [&#8230;]<\/p>\n","protected":false},"author":26,"featured_media":10258,"parent":10111,"menu_order":0,"comment_status":"closed","ping_status":"closed","template":"","meta":{"footnotes":""},"class_list":["post-10249","page","type-page","status-publish","has-post-thumbnail","hentry"],"_links":{"self":[{"href":"https:\/\/ingenierias.utp.edu.co\/especializacion-tics\/wp-json\/wp\/v2\/pages\/10249","targetHints":{"allow":["GET"]}}],"collection":[{"href":"https:\/\/ingenierias.utp.edu.co\/especializacion-tics\/wp-json\/wp\/v2\/pages"}],"about":[{"href":"https:\/\/ingenierias.utp.edu.co\/especializacion-tics\/wp-json\/wp\/v2\/types\/page"}],"author":[{"embeddable":true,"href":"https:\/\/ingenierias.utp.edu.co\/especializacion-tics\/wp-json\/wp\/v2\/users\/26"}],"replies":[{"embeddable":true,"href":"https:\/\/ingenierias.utp.edu.co\/especializacion-tics\/wp-json\/wp\/v2\/comments?post=10249"}],"version-history":[{"count":26,"href":"https:\/\/ingenierias.utp.edu.co\/especializacion-tics\/wp-json\/wp\/v2\/pages\/10249\/revisions"}],"predecessor-version":[{"id":10801,"href":"https:\/\/ingenierias.utp.edu.co\/especializacion-tics\/wp-json\/wp\/v2\/pages\/10249\/revisions\/10801"}],"up":[{"embeddable":true,"href":"https:\/\/ingenierias.utp.edu.co\/especializacion-tics\/wp-json\/wp\/v2\/pages\/10111"}],"wp:featuredmedia":[{"embeddable":true,"href":"https:\/\/ingenierias.utp.edu.co\/especializacion-tics\/wp-json\/wp\/v2\/media\/10258"}],"wp:attachment":[{"href":"https:\/\/ingenierias.utp.edu.co\/especializacion-tics\/wp-json\/wp\/v2\/media?parent=10249"}],"curies":[{"name":"wp","href":"https:\/\/api.w.org\/{rel}","templated":true}]}}