{"id":10713,"date":"2024-04-01T16:48:40","date_gmt":"2024-04-01T21:48:40","guid":{"rendered":"https:\/\/ingenierias.utp.edu.co\/doctorado-ingenieria\/?page_id=10713"},"modified":"2026-04-07T14:04:24","modified_gmt":"2026-04-07T19:04:24","slug":"inversion-y-financiacion","status":"publish","type":"page","link":"https:\/\/ingenierias.utp.edu.co\/doctorado-ingenieria\/inversion-y-financiacion\/","title":{"rendered":"Inversi\u00f3n y financiaci\u00f3n"},"content":{"rendered":"\n<hr class=\"wp-block-separator has-alpha-channel-opacity\" \/>\n\n\n\n<h3 class=\"wp-block-heading has-text-align-center has-text-color has-link-color has-x-large-font-size wp-elements-d158e031aee135def65e0833841c4862\" style=\"color:#045584\"><sub>Inversi\u00f3n<\/sub><\/h3>\n\n\n\n<p><span class=\"post-content__span\"> <\/p>\n\n\n\n<div class=\"wp-block-group\"><div class=\"wp-block-group__inner-container is-layout-constrained wp-block-group-is-layout-constrained\">\n<p class=\"has-text-align-left\" style=\"font-size:18px\"><strong><em>Costo de la inscripci\u00f3n<\/em><\/strong>: 0.25 salarios m\u00ednimos mensuales legales vigentes.<\/p>\n\n\n\n<p class=\"has-text-align-left\" style=\"font-size:18px\"> <strong><em>Costo de la matr\u00edcula<\/em><\/strong>:  10 salarios m\u00ednimos mensuales legales vigentes.<\/p>\n\n\n\n<p class=\"has-text-align-left\" style=\"font-size:18px\"> <strong><em>Duraci\u00f3n del programa:<\/em><\/strong> 8 semestres.<\/p>\n<\/div><\/div>\n\n\n\n<hr class=\"wp-block-separator has-alpha-channel-opacity\" \/>\n\n\n\n<p><span class=\"post-content__span\"> <\/p>\n\n\n\n<p class=\"has-text-align-center has-text-color has-link-color has-x-large-font-size wp-elements-d334ec29072074245e3af15efa6a9b57\" style=\"color:#08486d\"><sub><strong><em>Financiaci\u00f3n<\/em><\/strong><\/sub><\/p>\n\n\n\n<div class=\"wp-block-group\"><div class=\"wp-block-group__inner-container is-layout-constrained wp-block-group-is-layout-constrained\">\n<p class=\"has-text-align-center\"><span class=\"post-content__span\"> Para financiar sus estudios de doctorado en el programa Doctorado en Ingenier\u00eda, puede considerar diversas opciones como becas, cr\u00e9ditos educativos y programas de financiamiento. A continuaci\u00f3n, relacionamos algunas opciones de financiaci\u00f3n internas y\/o externas disponibles para pago de matr\u00edcula.<\/p>\n\n\n\n<figure class=\"wp-block-image size-full\"><img loading=\"lazy\" decoding=\"async\" width=\"1620\" height=\"495\" src=\"https:\/\/media2.utp.edu.co\/programas\/82\/Captura-de-pantalla-2025-11-19-163154.png\" alt=\"\" class=\"wp-image-12052\" \/><\/figure>\n<\/div><\/div>\n\n\n\n<div class=\"wp-block-group\"><div class=\"wp-block-group__inner-container is-layout-constrained wp-block-group-is-layout-constrained\">\n<div class=\"wp-block-columns is-layout-flex wp-container-core-columns-is-layout-9d6595d7 wp-block-columns-is-layout-flex\">\n<div class=\"wp-block-column is-layout-flow wp-block-column-is-layout-flow\" style=\"flex-basis:100%\">\n<div class=\"wp-block-group\"><div class=\"wp-block-group__inner-container is-layout-constrained wp-block-group-is-layout-constrained\">\n<div class=\"wp-block-group\"><div class=\"wp-block-group__inner-container is-layout-constrained wp-block-group-is-layout-constrained\">\n<div class=\"wp-block-group\"><div class=\"wp-block-group__inner-container is-layout-constrained wp-block-group-is-layout-constrained\">\n<details id=\"titulo-detalle\" class=\"wp-block-details titulo-detalle has-white-background-color has-background has-medium-font-size is-layout-flow wp-block-details-is-layout-flow\"><summary>EXTERNAS<br><\/summary>\n<p><span class=\"post-content__span\"> <strong><em>Estas son algunas de las opciones de entidades externas que ofrecen financiaci\u00f3n:<\/em><\/strong><\/p>\n\n\n\n<details class=\"wp-block-details is-layout-flow wp-block-details-is-layout-flow\"><summary>1. Convocatorias &#8211; Minciencias<\/summary>\n<p><span class=\"post-content__span\"> <\/p>\n\n\n\n<div class=\"wp-block-group\"><div class=\"wp-block-group__inner-container is-layout-constrained wp-block-group-is-layout-constrained\">\n<div class=\"wp-block-media-text is-stacked-on-mobile\" style=\"grid-template-columns:28% auto\"><figure class=\"wp-block-media-text__media\"><img loading=\"lazy\" decoding=\"async\" width=\"400\" height=\"400\" src=\"https:\/\/media2.utp.edu.co\/programas\/82\/logo_ciencias-1.png\" alt=\"\" class=\"wp-image-11333 size-full\" \/><\/figure><div class=\"wp-block-media-text__content\">\n<p><span class=\"post-content__span\"> El Ministerio de Ciencia, Tecnolog\u00eda e Innovaci\u00f3n promueve la formaci\u00f3n doctoral a trav\u00e9s de convocatorias para financiar programas de alto nivel.<\/p>\n\n\n\n<p><span class=\"post-content__span\"> <strong>Convocatorias abiertas<\/strong>: <\/p>\n\n\n\n<p><span class=\"post-content__span\"> Convocatoria <em>No 35<\/em> para la asignaci\u00f3n para la ciencia, tecnolog\u00eda e innovaci\u00f3n del sistema general de regal\u00edas para la formaci\u00f3n de capital humano de alto nivel para las regiones<\/p>\n\n\n\n<p><span class=\"post-content__span\"> <strong><a href=\"https:\/\/minciencias.gov.co\/convocatorias\/plan-convocatorias-asctei-2023-2024\/convocatoria-para-la-asignacion-para-la-ciencia\">Consulta m\u00e1s detalles aqu\u00ed<\/a><\/strong><\/p>\n\n\n\n<ul class=\"wp-block-list\">\n<li><em>Convocatoria Alianza UTP,<\/em> \u201cForjando L\u00edderes para la Sostenibilidad: Formaci\u00f3n de alto nivel en Biodiversidad, Salud y Energ\u00eda en el Eje Cafetero Colombiano\u201d   <\/li>\n<\/ul>\n\n\n\n<p><span class=\"post-content__span\"> <strong><em>Nota: Postulaciones cerradas. En proceso de evaluaci\u00f3n de los aspirantes.<\/em><\/strong><\/p>\n\n\n\n<p><span class=\"post-content__span\"> <\/p>\n\n\n\n<p><span class=\"post-content__span\"> <strong><a href=\"https:\/\/posgrados.utp.edu.co\/becas-credito\/\">Consulta m\u00e1s detalles aqu\u00ed<\/a><\/strong><\/p>\n\n\n\n<p><span class=\"post-content__span\"> <em>Para mayor informaci\u00f3n comunicarse con la Direcci\u00f3n General de posgrados<\/em><\/p>\n\n\n\n<p><span class=\"post-content__span\"> <strong>Email:<\/strong> <a href=\"mailto:posgrados@utp.edu.co\" target=\"_blank\" rel=\"noreferrer noopener\">posgrados@utp.edu.co<\/a> <\/p>\n\n\n\n<p><span class=\"post-content__span\"> <strong>Tel\u00e9fono:<\/strong> <strong>606 313 7786<\/strong><\/p>\n\n\n\n<ul class=\"wp-block-list\">\n<li>Convocatoria Universidad de Caldas: \u201cAlianza para la formaci\u00f3n de capital humano de alto nivel de la regi\u00f3n Eje Cafetero\u201d.<\/li>\n<\/ul>\n\n\n\n<p><span class=\"post-content__span\"> <a href=\"https:\/\/investigacionesyposgrados.ucaldas.edu.co\/convocatorias-de-posgrados\/apertura-convocatoria-de-formacion-doctoral-en-el-eje-cafetero\/\"><strong>Consulta m\u00e1s detalles aqu\u00ed<\/strong><\/a><\/p>\n\n\n\n<ul class=\"wp-block-list\">\n<li>Convocatoria 975 \u201cBecas para El Cambio\u201d Formaci\u00f3n en Maestr\u00edas y Doctorados.<\/li>\n<\/ul>\n\n\n\n<p><span class=\"post-content__span\"> <a href=\"https:\/\/minciencias.gov.co\/convocatorias\/convocatoria-becas-para-el-cambio-formacion-en-maestrias-y-doctorados\"><strong>Consulta m\u00e1s detalles aqu\u00ed<\/strong><\/a><\/p>\n\n\n\n<p><span class=\"post-content__span\"> <br><\/p>\n<\/div><\/div>\n\n\n\n<div class=\"wp-block-media-text has-media-on-the-right is-stacked-on-mobile\" style=\"grid-template-columns:auto 32%\"><div class=\"wp-block-media-text__content\">\n<p><span class=\"post-content__span\"> <strong><em>Convocatorias de las que ha hecho parte el programa:<\/em><\/strong><\/p>\n\n\n\n<p><span class=\"post-content__span\"> Estas son algunas de las convocatorias de las que ha hecho parte el programa de Doctorado en Ingenier\u00eda.<\/p>\n\n\n\n<p><span class=\"post-content__span\"> <\/p>\n\n\n\n<ul class=\"wp-block-list\">\n<li><a href=\"https:\/\/minciencias.gov.co\/convocatorias\/formacion-y-vinculacion-capital-humano-alto-nivel\/convocatoria-formacion-en-doctorados\">2023 \u2013 Convocatoria 933<\/a><\/li>\n\n\n\n<li><a href=\"https:\/\/minciencias.gov.co\/convocatorias\/plan-convocatorias-asctei-2021-2022\/convocatoria-la-asignacion-para-la-ctei-del-sgr-2\">2022 \u2013 Convocatoria 15<\/a><\/li>\n\n\n\n<li><a href=\"https:\/\/minciencias.gov.co\/convocatorias\/plan-convocatorias-asctei-2021-2022\/convocatoria-la-asignacion-para-la-ctei-del-sgr-7\">2021 \u2013 Convocatoria 22<\/a><\/li>\n\n\n\n<li><a href=\"https:\/\/minciencias.gov.co\/convocatorias\/formacion-y-vinculacion-capital-humano-alto-nivel\/convocatoria-doctorado-nacional-para\">2021 \u2013 Convocatoria 909<\/a><\/li>\n\n\n\n<li><a href=\"https:\/\/minciencias.gov.co\/sala_de_prensa\/programa-excelencia-doctoral-del-bicentenario\">2019 \u2013 Becas Bicentenario<\/a><\/li>\n\n\n\n<li><a href=\"https:\/\/minciencias.gov.co\/convocatorias\/oportunidades-formacion\/convocatoria-doctorados-nacionales-2017\">2017 \u2013 Convocatoria 785<\/a><\/li>\n\n\n\n<li><a href=\"https:\/\/minciencias.gov.co\/convocatorias\/oportunidades-formacion\/convocatoria-doctorado-nacional-en-empresa\">2016 \u2013 Convocatorias 758 y 757<\/a><\/li>\n\n\n\n<li><a href=\"https:\/\/minciencias.gov.co\/convocatorias\/oportunidades-informacion\/convocatoria-doctorados-nacionales-2015\">2015 \u2013 Convocatoria 727<\/a><\/li>\n\n\n\n<li><a href=\"https:\/\/legadoweb.minciencias.gov.co\/convocatoria\/convocatoria-para-conformar-bancos-de-elegibles-para-formaci-n-de-alto-nivel-para-la-ci\">2013 \u2013 Convocatoria 617<\/a><\/li>\n<\/ul>\n<\/div><figure class=\"wp-block-media-text__media\"><img loading=\"lazy\" decoding=\"async\" width=\"265\" height=\"238\" src=\"https:\/\/media2.utp.edu.co\/programas\/82\/Captura-de-pantalla-2025-05-13-094303.png\" alt=\"\" class=\"wp-image-11468 size-full\" \/><\/figure><\/div>\n\n\n\n<hr class=\"wp-block-separator has-alpha-channel-opacity\" \/>\n\n\n\n<p><span class=\"post-content__span\"> <\/p>\n<\/div><\/div>\n<\/details>\n\n\n\n<details class=\"wp-block-details is-layout-flow wp-block-details-is-layout-flow\"><summary>2. ICETEX \u2013 Cr\u00e9dito Educativo para Posgrados<\/summary>\n<div class=\"wp-block-group\"><div class=\"wp-block-group__inner-container is-layout-constrained wp-block-group-is-layout-constrained\">\n<p class=\"has-text-align-center\"><span class=\"post-content__span\"> <\/p>\n\n\n\n<p><span class=\"post-content__span\"> El ICETEX ofrece cr\u00e9dito educativo para estudios de posgrado, dirigido a personas con buen rendimiento acad\u00e9mico y necesidad econ\u00f3mica.<\/p>\n\n\n\n<div class=\"wp-block-media-text is-stacked-on-mobile\" style=\"grid-template-columns:25% auto\"><figure class=\"wp-block-media-text__media\"><img loading=\"lazy\" decoding=\"async\" width=\"602\" height=\"122\" src=\"https:\/\/media2.utp.edu.co\/programas\/82\/log-icetex.png\" alt=\"\" class=\"wp-image-11327 size-full\" \/><\/figure><div class=\"wp-block-media-text__content\">\n<ul class=\"wp-block-list\">\n<li><strong>ICETEX Posgrado Pa\u00eds<\/strong>: cr\u00e9dito educativo para estudios de posgrado. Los requisitos var\u00edan seg\u00fan la convocatoria y el tipo de l\u00ednea que el estudiante decida elegir.&nbsp; <\/li>\n<\/ul>\n\n\n\n<p><span class=\"post-content__span\"> <strong><em>Para m\u00e1s informaci\u00f3n:<\/em><\/strong><br> <a href=\"https:\/\/web.icetex.gov.co\/creditos\/tu-eliges\/posgrado-pais-o-exterior\"><em><strong>https:\/\/web.icetex.gov.co\/creditos\/tu-eliges\/posgrado-pais-o-  exterior<\/strong><\/em><\/a><\/p>\n\n\n\n<p><span class=\"post-content__span\"> <\/p>\n\n\n\n<ul class=\"wp-block-list\">\n<li><strong>ICETEX Colombia Extranjeros<\/strong>: A trav\u00e9s del programa de reciprocidad para extranjeros en Colombia, el ICETEX le brinda la oportunidad de venir a realizar estudios de especializaci\u00f3n, maestr\u00eda, doctorado o investigaci\u00f3n -a nivel de posgrado- a ciudadanos extranjeros. <\/li>\n<\/ul>\n\n\n\n<p><span class=\"post-content__span\"> <strong><em>Conoce m\u00e1s:<\/em><\/strong> <strong><em> <a href=\"https:\/\/web.icetex.gov.co\/es\/becas\/programa-de-reciprocidad-para-extranjeros-en-colombia\">Programa de Reciprocidad<\/a><\/em><\/strong><\/p>\n\n\n\n<p><span class=\"post-content__span\"> <strong><em>Mayor Informaci\u00f3n: <\/em><\/strong><\/p>\n\n\n\n<p><span class=\"post-content__span\"> WhatsApp \/ Tel\u00e9fono: 320 726 1247<br> icetex@utp.edu.co<\/p>\n\n\n\n<p class=\"has-text-align-left\"><span class=\"post-content__span\"> <\/p>\n<\/div><\/div>\n<\/div><\/div>\n\n\n\n<p><span class=\"post-content__span\"> <\/p>\n<\/details>\n<\/details>\n<\/div><\/div>\n<\/div><\/div>\n<\/div><\/div>\n<\/div>\n<\/div>\n<\/div><\/div>\n\n\n\n<div class=\"wp-block-group\"><div class=\"wp-block-group__inner-container is-layout-constrained wp-block-group-is-layout-constrained\">\n<details class=\"wp-block-details titulo-detalle has-medium-font-size is-layout-flow wp-block-details-is-layout-flow\"><summary>INTERNAS<br><\/summary>\n<p><span class=\"post-content__span\"> <strong><em>Estas son algunas de las opciones que ofrece la Universidad Tecnol\u00f3gica de Pereira:<\/em><\/strong><\/p>\n\n\n\n<details class=\"wp-block-details is-layout-flow wp-block-details-is-layout-flow\"><summary>1. Apoyo Para Docentes UTP &#8211; Formaci\u00f3n Posgraduada<\/summary>\n<details class=\"wp-block-details is-layout-flow wp-block-details-is-layout-flow\" style=\"font-style:normal;font-weight:400\"><summary><strong>1.1 Apoyo econ\u00f3mico para docentes UTP- Formaci\u00f3n Posgraduada<\/strong><\/summary>\n<p><span class=\"post-content__span\"> <\/p>\n\n\n\n<div class=\"wp-block-media-text is-stacked-on-mobile\" style=\"grid-template-columns:28% auto\"><figure class=\"wp-block-media-text__media\"><img loading=\"lazy\" decoding=\"async\" width=\"315\" height=\"148\" src=\"https:\/\/media2.utp.edu.co\/programas\/82\/2.hor_logo.png\" alt=\"\" class=\"wp-image-11445 size-full\" \/><\/figure><div class=\"wp-block-media-text__content\">\n<p><span class=\"post-content__span\"> La UTP a trav\u00e9s de la Vicerrector\u00eda Acad\u00e9mica ofrece apoyo econ\u00f3mico educativo para pago de matr\u00edcula para los Docentes con el siguiente tipo de vinculaci\u00f3n:<\/p>\n\n\n\n<ul class=\"wp-block-list\">\n<li><strong>Docentes de planta<\/strong>: financiaci\u00f3n del <strong>100%<\/strong> del valor de la matr\u00edcula.<\/li>\n\n\n\n<li><strong>Docentes transitorios<\/strong> (tiempo completo o medio): financiaci\u00f3n del <strong>50%<\/strong><\/li>\n<\/ul>\n\n\n\n<p><span class=\"post-content__span\"> Para obtener m\u00e1s detalles sobre los requisitos necesarios y el proceso a seguir, consultar en:<\/p>\n\n\n\n<p><span class=\"post-content__span\"> &nbsp;<a href=\"https:\/\/vicerrectorias.utp.edu.co\/academica\/sin-categoria\/formacion-posgraduada\/\"><em><strong>Ver detalles en Vicerrector\u00eda Acad\u00e9mica<\/strong><\/em><\/a><\/p>\n\n\n\n<p><span class=\"post-content__span\"> <br>Descargue aqu\u00ed: ficha de seguimiento para apoyo econ\u00f3mico de estudio de postgrado, formato 12-F14<\/p>\n\n\n\n<div class=\"wp-block-file\"><\/div>\n\n\n\n<div class=\"wp-block-file has-white-background-color has-background\"><a id=\"wp-block-file--media-1405b9f7-4307-4b70-b13b-d19aefafe3df\" href=\"https:\/\/media2.utp.edu.co\/programas\/82\/12-F14-Ficha-Seguimiento-apoyo-economico-estudio-posgrado.doc\"><strong>12-F14 Ficha Seguimiento apoyo econ\u00f3mico estudio posgrado<\/strong><\/a><\/div>\n\n\n\n<p><span class=\"post-content__span\"> <\/p>\n<\/div><\/div>\n<\/details>\n\n\n\n<p><span class=\"post-content__span\"> <\/p>\n\n\n\n<details class=\"wp-block-details is-layout-flow wp-block-details-is-layout-flow\"><summary><strong>1.2 Acuerdo de investigador<\/strong><br><\/summary>\n<p><span class=\"post-content__span\"> <\/p>\n\n\n\n<div class=\"wp-block-group\"><div class=\"wp-block-group__inner-container is-layout-constrained wp-block-group-is-layout-constrained\">\n<p><span class=\"post-content__span\"> Mediante el acuerdo No 51,<strong> ART\u00cdCULO SEGUNDO<\/strong>: Podr\u00e1n acceder al programa de fomento a la investigaci\u00f3n conducente al t\u00edtulo de doctor los docentes ocasionales o transitorios, candidatos a doctorado, que cumplan los siguientes requisitos:<\/p>\n\n\n\n<ul class=\"wp-block-list\">\n<li>Ser estudiante de un programa de doctorado ofertado por la Universidad Tecnol\u00f3gica de Pereira.<\/li>\n\n\n\n<li>Haber obtenido su candidatura al doctorado dentro de un programa acad\u00e9mico de la Instituci\u00f3n, o haber cursado m\u00e1s del 60% de los cr\u00e9ditos para aquellos programa que no contemplen examen de candidatura.<\/li>\n\n\n\n<li>Tener aprobadas las propuestas de investigaci\u00f3n por parte de los comit\u00e9s curriculares de los respectivos programas.<\/li>\n\n\n\n<li>La propuesta de investigaci\u00f3n deber\u00e1 estar inscrita en la Vicerrector\u00eda de Investigaciones, Innovaci\u00f3n y Extensi\u00f3n.<\/li>\n<\/ul>\n\n\n\n<p><span class=\"post-content__span\"> <strong><em>Conoce m\u00e1s sobre el acuerdo, descargando el siguiente documento<\/em><\/strong>:<\/p>\n\n\n\n<div data-wp-interactive=\"core\/file\" class=\"wp-block-file\"><object data-wp-bind--hidden=\"!state.hasPdfPreview\" hidden class=\"wp-block-file__embed\" data=\"https:\/\/media2.utp.edu.co\/programas\/82\/Acuerdo-51-Corrige-Acuerdo-47-Proyectos-de-Investigacion-conducentes-a-Titulo-de-Doctor-1-2-9.pdf\" type=\"application\/pdf\" style=\"width:100%;height:600px\" aria-label=\"Incrustado de Acuerdo 51 Corrige Acuerdo 47 Proyectos de Investigacion conducentes a Titulo de Doctor (1) (2).\"><\/object><a id=\"wp-block-file--media-f3ad5acc-389e-42c3-85d3-5a38c9427996\" href=\"https:\/\/media2.utp.edu.co\/programas\/82\/Acuerdo-51-Corrige-Acuerdo-47-Proyectos-de-Investigacion-conducentes-a-Titulo-de-Doctor-1-2-9.pdf\">Acuerdo 51 Corrige Acuerdo 47 Proyectos de Investigacion conducentes a Titulo de Doctor (1) (2)<\/a><a href=\"https:\/\/media2.utp.edu.co\/programas\/82\/Acuerdo-51-Corrige-Acuerdo-47-Proyectos-de-Investigacion-conducentes-a-Titulo-de-Doctor-1-2-9.pdf\" class=\"wp-block-file__button wp-element-button\" download aria-describedby=\"wp-block-file--media-f3ad5acc-389e-42c3-85d3-5a38c9427996\">Descarga<\/a><\/div>\n<\/div><\/div>\n\n\n\n<div data-wp-interactive=\"core\/file\" class=\"wp-block-file\"><object data-wp-bind--hidden=\"!state.hasPdfPreview\" hidden class=\"wp-block-file__embed\" data=\"https:\/\/media2.utp.edu.co\/programas\/82\/acuerdo-no-47-programa-formacion-doctoral-final.pdf\" type=\"application\/pdf\" style=\"width:100%;height:600px\" aria-label=\"Incrustado de acuerdo-no-47-programa-formacion-doctoral-final.\"><\/object><a id=\"wp-block-file--media-5915001c-b5d0-4eb3-ab76-6bbb150ffd73\" href=\"https:\/\/media2.utp.edu.co\/programas\/82\/acuerdo-no-47-programa-formacion-doctoral-final.pdf\">acuerdo-no-47-programa-formacion-doctoral-final<\/a><a href=\"https:\/\/media2.utp.edu.co\/programas\/82\/acuerdo-no-47-programa-formacion-doctoral-final.pdf\" class=\"wp-block-file__button wp-element-button\" download aria-describedby=\"wp-block-file--media-5915001c-b5d0-4eb3-ab76-6bbb150ffd73\">Descarga<\/a><\/div>\n\n\n\n<p><span class=\"post-content__span\"> <strong><em>Para conocer informaci\u00f3n adicional consulta en:<\/em><\/strong><\/p>\n\n\n\n<p><span class=\"post-content__span\"> <strong>SARA PATI\u00d1O BEDOYA<\/strong>  <\/p>\n\n\n\n<p><span class=\"post-content__span\"> Email: sarapb28@utp.edu.co<\/p>\n\n\n\n<p><span class=\"post-content__span\"> Ext:&nbsp;<strong>&nbsp;7794&nbsp;<\/strong>&nbsp;\/ Edificio N\u00ba&nbsp;<strong>&nbsp;1A&nbsp;<\/strong>&nbsp;\/ Of:&nbsp;<strong>&nbsp;1A &#8211; 309<\/strong><\/p>\n\n\n\n<p><span class=\"post-content__span\"> <\/p>\n\n\n\n<p><span class=\"post-content__span\"> <\/p>\n\n\n\n<p><span class=\"post-content__span\"> <\/p>\n<\/details>\n\n\n\n<p><span class=\"post-content__span\"> <\/p>\n<\/details>\n\n\n\n<details class=\"wp-block-details is-layout-flow wp-block-details-is-layout-flow\"><summary>2. FASUT &#8211; Cr\u00e9dito Educativo<\/summary>\n<div class=\"wp-block-media-text is-stacked-on-mobile\" style=\"grid-template-columns:24% auto\"><figure class=\"wp-block-media-text__media\"><img loading=\"lazy\" decoding=\"async\" width=\"400\" height=\"300\" src=\"https:\/\/media2.utp.edu.co\/programas\/82\/Diseno-sin-titulo-1-2.png\" alt=\"\" class=\"wp-image-11368 size-full\" \/><\/figure><div class=\"wp-block-media-text__content\">\n<p><span class=\"post-content__span\"> El Fondo de Empleados para la Asistencia Social de la Universidad Tecnol\u00f3gica de Pereira &#8211; FASUT, financia estudios de pregrado o posgrados al interior de la UTP, por el monto que se requiera para el pago de matr\u00edcula<\/p>\n\n\n\n<p><span class=\"post-content__span\"> FASUT ofrece cr\u00e9ditos a las siguientes tasas preferenciales:<\/p>\n\n\n\n<ul class=\"wp-block-list\">\n<li>12 meses: 0.5% inter\u00e9s por semestre<\/li>\n<\/ul>\n\n\n\n<ul class=\"wp-block-list\">\n<li>18 meses: 0.75% inter\u00e9s por semestre<\/li>\n\n\n\n<li>24 meses: 1% inter\u00e9s por semestre<\/li>\n<\/ul>\n\n\n\n<p><span class=\"post-content__span\"> <strong>Requisitos principales:<\/strong><\/p>\n\n\n\n<ul class=\"wp-block-list\">\n<li>Estar admitido<\/li>\n\n\n\n<li>Presentar la solicitud antes de la fecha l\u00edmite en el recibo de matr\u00edcula.<\/li>\n\n\n\n<li>No estar reportado en centrales de riesgo<\/li>\n\n\n\n<li>Contar con un codeudor laboralmente activo<\/li>\n<\/ul>\n\n\n\n<p><span class=\"post-content__span\"> <a href=\"https:\/\/fasut.utp.edu.co\/credito-educativo\/credito-educativo-2\/\"><strong><em>M\u00e1s Informaci\u00f3n sobre FASUT<\/em><\/strong><\/a><br>fasutcreditoeducativo@gmail.com<br>&nbsp;320 726 1247 \/ (+57) 606 3137405<\/p>\n<\/div><\/div>\n\n\n\n<p><span class=\"post-content__span\"> <\/p>\n<\/details>\n\n\n\n<details class=\"wp-block-details is-layout-flow wp-block-details-is-layout-flow\"><summary>3. Vinculaci\u00f3n a Proyectos de Investigaci\u00f3n<\/summary>\n<p><span class=\"post-content__span\"> <\/p>\n\n\n\n<p><span class=\"post-content__span\"> Consulte con su tutor y\/o grupo de investigaci\u00f3n al cual se encuentra vinculado, si tienen proyectos activos donde se puedan vincular laboralmente (con una remuneraci\u00f3n sujeta a los recursos del proyecto) como estudiantes de doctorado.<\/p>\n\n\n\n<p><span class=\"post-content__span\"> <\/p>\n<\/details>\n\n\n\n<details class=\"wp-block-details is-layout-flow wp-block-details-is-layout-flow\"><summary>4. Descuento por Pago con Recursos Propios<\/summary>\n<p><span class=\"post-content__span\"> <\/p>\n\n\n\n<div class=\"wp-block-media-text is-stacked-on-mobile is-vertically-aligned-center\" style=\"grid-template-columns:34% auto\"><figure class=\"wp-block-media-text__media\"><img loading=\"lazy\" decoding=\"async\" width=\"500\" height=\"500\" src=\"https:\/\/media2.utp.edu.co\/programas\/82\/2.png\" alt=\"\" class=\"wp-image-11388 size-full\" \/><\/figure><div class=\"wp-block-media-text__content\">\n<p><span class=\"post-content__span\"> El Doctorado en Ingenier\u00eda, sujeto a viabilidad del Comit\u00e9 Curricular, otorga un descuento hasta de un 28% en el pago de la matr\u00edcula a estudiantes que pagan con recursos propios.<\/p>\n\n\n\n<p><span class=\"post-content__span\"> El an\u00e1lisis del descuento de matr\u00edcula se realiza de manera semestral y se solicita a trav\u00e9s del siguiente formulario:<\/p>\n\n\n\n<p><span class=\"post-content__span\"> <a href=\"https:\/\/forms.gle\/h8UkFfMDTdWPHe6b6\"><strong><em>Solicitud Descuento de Matr\u00edcula<\/em><\/strong><\/a><\/p>\n\n\n\n<p><span class=\"post-content__span\"> Los descuentos pueden sumar<em> hasta un 50% si el estudiante <\/em>es egresado UTP y cuenta con certificado electoral.<\/p>\n\n\n\n<ul class=\"wp-block-list\">\n<li>10% por ser egresado UTP. Este descuento aplica sobre el valor de la matr\u00edcula y derechos acad\u00e9micos.<\/li>\n\n\n\n<li>&nbsp;10% por certificado electoral de las \u00faltimas elecciones. Este descuento aplica sobre el valor de la matr\u00edcula.<\/li>\n<\/ul>\n\n\n\n<p><span class=\"post-content__span\"> <\/p>\n<\/div><\/div>\n<\/details>\n<\/details>\n<\/div><\/div>\n\n\n\n<p><span class=\"post-content__span\"> <\/p>\n","protected":false},"excerpt":{"rendered":"<p>Inversi\u00f3n Costo de la inscripci\u00f3n: 0.25 salarios m\u00ednimos mensuales legales vigentes. Costo de la matr\u00edcula: 10 salarios m\u00ednimos mensuales legales vigentes. Duraci\u00f3n del programa: 8 semestres. Financiaci\u00f3n Para financiar sus [&#8230;]<\/p>\n","protected":false},"author":1,"featured_media":0,"parent":0,"menu_order":0,"comment_status":"closed","ping_status":"closed","template":"","meta":{"footnotes":""},"class_list":["post-10713","page","type-page","status-publish","hentry"],"_links":{"self":[{"href":"https:\/\/ingenierias.utp.edu.co\/doctorado-ingenieria\/wp-json\/wp\/v2\/pages\/10713","targetHints":{"allow":["GET"]}}],"collection":[{"href":"https:\/\/ingenierias.utp.edu.co\/doctorado-ingenieria\/wp-json\/wp\/v2\/pages"}],"about":[{"href":"https:\/\/ingenierias.utp.edu.co\/doctorado-ingenieria\/wp-json\/wp\/v2\/types\/page"}],"author":[{"embeddable":true,"href":"https:\/\/ingenierias.utp.edu.co\/doctorado-ingenieria\/wp-json\/wp\/v2\/users\/1"}],"replies":[{"embeddable":true,"href":"https:\/\/ingenierias.utp.edu.co\/doctorado-ingenieria\/wp-json\/wp\/v2\/comments?post=10713"}],"version-history":[{"count":225,"href":"https:\/\/ingenierias.utp.edu.co\/doctorado-ingenieria\/wp-json\/wp\/v2\/pages\/10713\/revisions"}],"predecessor-version":[{"id":12471,"href":"https:\/\/ingenierias.utp.edu.co\/doctorado-ingenieria\/wp-json\/wp\/v2\/pages\/10713\/revisions\/12471"}],"wp:attachment":[{"href":"https:\/\/ingenierias.utp.edu.co\/doctorado-ingenieria\/wp-json\/wp\/v2\/media?parent=10713"}],"curies":[{"name":"wp","href":"https:\/\/api.w.org\/{rel}","templated":true}]}}